{"id":2,"date":"2026-01-02T11:51:40","date_gmt":"2026-01-02T04:51:40","guid":{"rendered":"https:\/\/www.demo.vietnamweb.asia\/?page_id=2"},"modified":"2026-01-02T11:51:17","modified_gmt":"2026-01-02T04:51:17","slug":"trang-chu","status":"publish","type":"page","link":"https:\/\/opne88.net\/","title":{"rendered":"Opne88 &#8211; Trang Ch\u1ee7 Open88 | Ho\u00e0n Tr\u1ea3 Kh\u00f4ng Gi\u1edbi H\u1ea1n \u0110\u1ebfn 2% M\u1ed7i Ng\u00e0y"},"content":{"rendered":"<h2><span style=\"font-size: 110%; color: #f99b1c;\"><strong>TRANG CH\u1ee6 \u0110\u0102NG NH\u1eacP NH\u00c0 C\u00c1I OPEN88<\/strong><\/span><\/h2>\n<p>Link trang t\u1ed5ng v\u00e0o Opne88 ch\u00ednh th\u1ee9c c\u1eadp nh\u1eadt ng\u00e0y h\u00f4m nay m\u1edbi nh\u1ea5t:<\/p>\n<div class=\"row row-small\"  id=\"row-1687418897\">\n\n\t<div id=\"col-1403707661\" class=\"col medium-4 small-12 large-4\"  >\n\t\t\t\t<div class=\"col-inner\"  >\n\t\t\t\n\t\t\t\n\t<div class=\"img has-hover x md-x lg-x y md-y lg-y\" id=\"image_125268942\">\n\t\t<a class=\"\" href=\"https:\/\/linkquangcao.com\/kfqi\" >\t\t\t\t\t\t<div class=\"img-inner dark\" >\n\t\t\t<img loading=\"lazy\" decoding=\"async\" width=\"400\" height=\"188\" src=\"https:\/\/opne88.net\/wp-content\/uploads\/2025\/03\/dang-ky.webp\" class=\"attachment-original size-original\" alt=\"\u0110\u0103ng k\u00fd nh\u00e0 c\u00e1i\" srcset=\"https:\/\/opne88.net\/wp-content\/uploads\/2025\/03\/dang-ky.webp 400w, https:\/\/opne88.net\/wp-content\/uploads\/2025\/03\/dang-ky-300x141.webp 300w\" sizes=\"auto, (max-width: 400px) 100vw, 400px\" \/>\t\t\t\t\t\t\n\t\t\t\t\t<\/div>\n\t\t\t\t\t\t<\/a>\t\t\n<style>\n#image_125268942 {\n  width: 100%;\n}\n<\/style>\n\t<\/div>\n\t\n\t\t<\/div>\n\t\t\t\t\t<\/div>\n\n\t\n\n\t<div id=\"col-1006151720\" class=\"col medium-4 small-12 large-4\"  >\n\t\t\t\t<div class=\"col-inner\"  >\n\t\t\t\n\t\t\t\n\t<div class=\"img has-hover x md-x lg-x y md-y lg-y\" id=\"image_1045146270\">\n\t\t<a class=\"\" href=\"https:\/\/linkquangcao.com\/kfqi\" >\t\t\t\t\t\t<div class=\"img-inner dark\" >\n\t\t\t<img loading=\"lazy\" decoding=\"async\" width=\"400\" height=\"188\" src=\"https:\/\/opne88.net\/wp-content\/uploads\/2025\/03\/dang-nhap.webp\" class=\"attachment-original size-original\" alt=\"\u0110\u0103ng nh\u1eadp t\u1ea3i app\" srcset=\"https:\/\/opne88.net\/wp-content\/uploads\/2025\/03\/dang-nhap.webp 400w, https:\/\/opne88.net\/wp-content\/uploads\/2025\/03\/dang-nhap-300x141.webp 300w\" sizes=\"auto, (max-width: 400px) 100vw, 400px\" \/>\t\t\t\t\t\t\n\t\t\t\t\t<\/div>\n\t\t\t\t\t\t<\/a>\t\t\n<style>\n#image_1045146270 {\n  width: 100%;\n}\n<\/style>\n\t<\/div>\n\t\n\t\t<\/div>\n\t\t\t\t\t<\/div>\n\n\t\n\n\t<div id=\"col-1609813306\" class=\"col medium-4 small-12 large-4\"  >\n\t\t\t\t<div class=\"col-inner\"  >\n\t\t\t\n\t\t\t\n\t<div class=\"img has-hover x md-x lg-x y md-y lg-y\" id=\"image_1936050765\">\n\t\t<a class=\"\" href=\"https:\/\/linkquangcao.com\/kfqi\" >\t\t\t\t\t\t<div class=\"img-inner dark\" >\n\t\t\t<img loading=\"lazy\" decoding=\"async\" width=\"400\" height=\"188\" src=\"https:\/\/opne88.net\/wp-content\/uploads\/2025\/03\/khuyen-mai.webp\" class=\"attachment-original size-original\" alt=\"Khuy\u1ebfn m\u00e3i th\u00e0nh vi\u00ean\" srcset=\"https:\/\/opne88.net\/wp-content\/uploads\/2025\/03\/khuyen-mai.webp 400w, https:\/\/opne88.net\/wp-content\/uploads\/2025\/03\/khuyen-mai-300x141.webp 300w\" sizes=\"auto, (max-width: 400px) 100vw, 400px\" \/>\t\t\t\t\t\t\n\t\t\t\t\t<\/div>\n\t\t\t\t\t\t<\/a>\t\t\n<style>\n#image_1936050765 {\n  width: 100%;\n}\n<\/style>\n\t<\/div>\n\t\n\t\t<\/div>\n\t\t\t\t\t<\/div>\n\n\t\n<\/div>\n\t<div id=\"gap-1115051299\" class=\"gap-element clearfix\" style=\"display:block; height:auto;\">\n\t\t\n<style>\n#gap-1115051299 {\n  padding-top: 16px;\n}\n<\/style>\n\t<\/div>\n\t\n\t<div id=\"gap-186201823\" class=\"gap-element clearfix\" style=\"display:block; height:auto;\">\n\t\t\n<style>\n#gap-186201823 {\n  padding-top: 15px;\n}\n<\/style>\n\t<\/div>\n\t\n<p><em><strong>Disclaimer (Tuy\u00ean b\u1ed1 mi\u1ec5n tr\u1eeb):<\/strong><\/em> Opne88.net \u0111\u01b0\u1ee3c x\u00e2y d\u1ef1ng v\u1edbi m\u1ee5c \u0111\u00edch cung c\u1ea5p th\u00f4ng tin tham kh\u1ea3o cho ng\u01b0\u1eddi d\u00f9ng t\u1eeb 18 tu\u1ed5i tr\u1edf l\u00ean v\u00e0 kh\u00f4ng c\u01b0 tr\u00fa t\u1ea1i Vi\u1ec7t Nam. Opne88 bet kh\u00f4ng tr\u1ef1c ti\u1ebfp t\u1ed5 ch\u1ee9c hay khuy\u1ebfn kh\u00edch b\u1ea5t k\u1ef3 h\u00ecnh th\u1ee9c c\u00e1 c\u01b0\u1ee3c n\u00e0o. M\u1ecdi r\u1ee7i ro ph\u00e1t sinh t\u1eeb vi\u1ec7c truy c\u1eadp c\u00e1c n\u1ec1n t\u1ea3ng b\u00ean th\u1ee9 ba n\u1eb1m ngo\u00e0i ph\u1ea1m vi tr\u00e1ch nhi\u1ec7m c\u1ee7a trang.<\/p>\n<h3 class=\"accordion_title\">FAQ - GI\u1ea2I \u0110\u00c1P TH\u1eaeC M\u1eaeC KHI CH\u01a0I OPEN88<\/h3><div class=\"accordion\"><\/div>\n\t<div id=\"accordion-574529539\" class=\"accordion-item\">\n\t\t<a id=\"accordion-574529539-label\" class=\"accordion-title plain\" href=\"#accordion-item-nh\u00e0-c\u00e1i-opne88.com-c\u00f3-nh\u1eefng-trang-truy-c\u1eadp-ch\u00ednh-n\u00e0o?\" aria-expanded=\"false\" aria-controls=\"accordion-574529539-content\" >\n\t\t\t<button class=\"toggle\" aria-label=\"Chuy\u1ec3n \u0111\u1ed5i\"><i class=\"icon-angle-down\"><\/i><\/button>\n\t\t\t<span>Nh\u00e0 c\u00e1i Opne88.com c\u00f3 nh\u1eefng trang truy c\u1eadp ch\u00ednh n\u00e0o?<\/span>\n\t\t<\/a>\n\t\t<div id=\"accordion-574529539-content\" class=\"accordion-inner\" aria-labelledby=\"accordion-574529539-label\" >\n\t\t\t\n<p><span style=\"color: #3366ff;\">Nh\u1eefng trang truy c\u1eadp Open88 .com:<\/span><\/p>\n<ul>\n<li><span style=\"color: #3366ff;\">Opne888 .com<\/span><\/li>\n<li><span style=\"color: #3366ff;\">Opne88 . app<\/span><\/li>\n<li><span style=\"color: #3366ff;\">Opne88 8.game<\/span><\/li>\n<li><span style=\"color: #3366ff;\">Opne8888 .casino<\/span><\/li>\n<li><span style=\"color: #3366ff;\">Opne 88.win<\/span><\/li>\n<li><span style=\"color: #3366ff;\">Opne88.bet<\/span><\/li>\n<\/ul>\n<p>#trangchuopen88\u00a0#dangnhapopen88\u00a0#dangkyopen88 #taiappopen88 #appopen88 #open88bet #open88casino<\/p>\n<p>#trangchuopne88 #dangnhapopne88 #dangkyopne88 #taiappopne88 #appopne88 #opne88bet #opne88casino<\/p>\n\t\t<\/div>\n\t<\/div>\n\t\n\t<div id=\"accordion-1403459700\" class=\"accordion-item\">\n\t\t<a id=\"accordion-1403459700-label\" class=\"accordion-title plain\" href=\"#accordion-item-ch\u01a1i-opne88-con-c\u00f3-an-to\u00e0n-kh\u00f4ng?\" aria-expanded=\"false\" aria-controls=\"accordion-1403459700-content\" >\n\t\t\t<button class=\"toggle\" aria-label=\"Chuy\u1ec3n \u0111\u1ed5i\"><i class=\"icon-angle-down\"><\/i><\/button>\n\t\t\t<span>Ch\u01a1i Opne88 con c\u00f3 an to\u00e0n kh\u00f4ng?<\/span>\n\t\t<\/a>\n\t\t<div id=\"accordion-1403459700-content\" class=\"accordion-inner\" aria-labelledby=\"accordion-1403459700-label\" >\n\t\t\t\n<p><span style=\"color: #3366ff;\">Opne888 game l\u00e0 m\u1ed9t c\u00f4ng ty tr\u00f2 ch\u01a1i c\u00f3 gi\u1ea5y ph\u00e9p ho\u1ea1t \u0111\u1ed9ng h\u1ee3p ph\u00e1p b\u1edfi Isle Of Man v\u00e0 Khu kinh t\u1ebf Cayagna And Freeport. V\u1edbi kinh nghi\u1ec7m ph\u1ee5c v\u1ee5 h\u01a1n 10 tri\u1ec7u l\u01b0\u1ee3t ng\u01b0\u1eddi ch\u01a1i. \u0110\u1ea3m b\u1ea3o mang \u0111\u1ebfn m\u1ed9t m\u00f4i tr\u01b0\u1eddng c\u00e1 c\u01b0\u1ee3c c\u00f4ng b\u1eb1ng v\u00e0 minh b\u1ea1ch \u0111\u1ebfn ng\u01b0\u1eddi ch\u01a1i.<\/span><\/p>\n\t\t<\/div>\n\t<\/div>\n\t\n\t<div id=\"accordion-1125556765\" class=\"accordion-item\">\n\t\t<a id=\"accordion-1125556765-label\" class=\"accordion-title plain\" href=\"#accordion-item-\u0110\u0103ng-k\u00fd-t\u00e2n-th\u1ee7-nh\u00e0-c\u00e1i-opne888-b\u1eb1ng-c\u00e1ch-n\u00e0o?\" aria-expanded=\"false\" aria-controls=\"accordion-1125556765-content\" >\n\t\t\t<button class=\"toggle\" aria-label=\"Chuy\u1ec3n \u0111\u1ed5i\"><i class=\"icon-angle-down\"><\/i><\/button>\n\t\t\t<span>\u0110\u0103ng k\u00fd t\u00e2n th\u1ee7 nh\u00e0 c\u00e1i Opne888 b\u1eb1ng c\u00e1ch n\u00e0o?<\/span>\n\t\t<\/a>\n\t\t<div id=\"accordion-1125556765-content\" class=\"accordion-inner\" aria-labelledby=\"accordion-1125556765-label\" >\n\t\t\t\n<p><span style=\"color: #3366ff;\">\u0110\u1ec3 tr\u1edf th\u00e0nh h\u1ed9i vi\u00ean ch\u00ednh th\u1ee9c t\u1ea1i Opne888 win ng\u01b0\u1eddi ch\u01a1i th\u1ef1c hi\u1ec7n theo c\u00e1c b\u01b0\u1edbc sau:<\/span><\/p>\n<ul>\n<li><span style=\"color: #3366ff;\">Truy c\u1eadp trang ch\u1ee7 ch\u1ecdn m\u1ee5c \u0110\u0103ng k\u00fd<\/span><\/li>\n<li><span style=\"color: #3366ff;\">\u0110i\u1ec1n th\u00f4ng tin c\u00e1 nh\u00e2n theo y\u00eau c\u1ea7u c\u1ee7a nh\u00e0 c\u00e1i<\/span><\/li>\n<li><span style=\"color: #3366ff;\">X\u00e1c nh\u1eadn th\u00f4ng tin v\u00e0 ch\u1ecdn \u0110\u0103ng k\u00fd ngay l\u00e0 ho\u00e0n th\u00e0nh<\/span><\/li>\n<\/ul>\n\t\t<\/div>\n\t<\/div>\n\t\n\t<div id=\"accordion-783637919\" class=\"accordion-item\">\n\t\t<a id=\"accordion-783637919-label\" class=\"accordion-title plain\" href=\"#accordion-item-\u0110\u0103ng-k\u00fd-t\u00e2n-th\u1ee7-tr\u00ean-opne8888-bet-c\u00f3-khuy\u1ebfn-m\u00e3i-g\u00ec-kh\u00f4ng?\" aria-expanded=\"false\" aria-controls=\"accordion-783637919-content\" >\n\t\t\t<button class=\"toggle\" aria-label=\"Chuy\u1ec3n \u0111\u1ed5i\"><i class=\"icon-angle-down\"><\/i><\/button>\n\t\t\t<span>\u0110\u0103ng k\u00fd t\u00e2n th\u1ee7 tr\u00ean Opne8888 bet c\u00f3 khuy\u1ebfn m\u00e3i g\u00ec kh\u00f4ng?<\/span>\n\t\t<\/a>\n\t\t<div id=\"accordion-783637919-content\" class=\"accordion-inner\" aria-labelledby=\"accordion-783637919-label\" >\n\t\t\t\n<p><span style=\"color: #3366ff;\">Khi \u0111\u0103ng k\u00fd t\u00e0i kho\u1ea3n m\u1edbi t\u00e2n th\u1ee7 \u0111\u01b0\u1ee3c nh\u1eadn ngay 68k mi\u1ec5n ph\u00ed. N\u1ea1p \u0111\u1ea7u nh\u1eadn 100% gi\u00e1 tr\u1ecb ti\u1ec1n n\u1ea1p trong 3 ng\u00e0y li\u00ean ti\u1ebfp. Tham gia ch\u01a1i \u0111i\u1ec3m danh v\u00e0 nh\u1eadn l\u00ec x\u00ec theo khung th\u1eddi gian quy \u0111\u1ecbnh \u0111\u00e3 th\u00f4ng b\u00e1o tr\u00ean trang ch\u1ee7.<\/span><\/p>\n\t\t<\/div>\n\t<\/div>\n\t\n<p>&nbsp;<\/p>\n","protected":false},"excerpt":{"rendered":"<p>TRANG CH\u1ee6 \u0110\u0102NG NH\u1eacP NH\u00c0 C\u00c1I OPEN88 Link trang t\u1ed5ng v\u00e0o Opne88 ch\u00ednh th\u1ee9c c\u1eadp nh\u1eadt ng\u00e0y h\u00f4m nay m\u1edbi nh\u1ea5t: Disclaimer (Tuy\u00ean b\u1ed1 mi\u1ec5n tr\u1eeb): Opne88.net \u0111\u01b0\u1ee3c x\u00e2y d\u1ef1ng v\u1edbi m\u1ee5c \u0111\u00edch cung c\u1ea5p th\u00f4ng tin tham kh\u1ea3o cho ng\u01b0\u1eddi d\u00f9ng t\u1eeb 18 tu\u1ed5i tr\u1edf l\u00ean v\u00e0 kh\u00f4ng c\u01b0 tr\u00fa t\u1ea1i Vi\u1ec7t Nam. Opne88&#8230;<\/p>\n","protected":false},"author":1,"featured_media":0,"parent":0,"menu_order":0,"comment_status":"closed","ping_status":"open","template":"page-right-sidebar.php","meta":{"footnotes":""},"class_list":["post-2","page","type-page","status-publish","hentry"],"_links":{"self":[{"href":"https:\/\/opne88.net\/index.php?rest_route=\/wp\/v2\/pages\/2","targetHints":{"allow":["GET"]}}],"collection":[{"href":"https:\/\/opne88.net\/index.php?rest_route=\/wp\/v2\/pages"}],"about":[{"href":"https:\/\/opne88.net\/index.php?rest_route=\/wp\/v2\/types\/page"}],"author":[{"embeddable":true,"href":"https:\/\/opne88.net\/index.php?rest_route=\/wp\/v2\/users\/1"}],"replies":[{"embeddable":true,"href":"https:\/\/opne88.net\/index.php?rest_route=%2Fwp%2Fv2%2Fcomments&post=2"}],"version-history":[{"count":54,"href":"https:\/\/opne88.net\/index.php?rest_route=\/wp\/v2\/pages\/2\/revisions"}],"predecessor-version":[{"id":632,"href":"https:\/\/opne88.net\/index.php?rest_route=\/wp\/v2\/pages\/2\/revisions\/632"}],"wp:attachment":[{"href":"https:\/\/opne88.net\/index.php?rest_route=%2Fwp%2Fv2%2Fmedia&parent=2"}],"curies":[{"name":"wp","href":"https:\/\/api.w.org\/{rel}","templated":true}]}}